{"id":657,"date":"2020-04-20T18:15:55","date_gmt":"2020-04-20T14:15:55","guid":{"rendered":"http:\/\/mri-run.com\/?page_id=657"},"modified":"2021-11-18T13:49:20","modified_gmt":"2021-11-18T09:49:20","slug":"catalogue","status":"publish","type":"page","link":"https:\/\/mri-run.com\/index.php\/catalogue\/","title":{"rendered":"Catalogue"},"content":{"rendered":"<div data-colibri-id=\"657-c1\" class=\"style-565 style-local-657-c1 position-relative\">\n  <!---->\n  <div data-colibri-component=\"section\" data-colibri-id=\"657-c2\" id=\"custom\" class=\"h-section h-section-global-spacing d-flex align-items-lg-center align-items-md-center align-items-center style-570 style-local-657-c2 position-relative\">\n    <!---->\n    <!---->\n    <div class=\"h-section-grid-container h-section-boxed-container\">\n      <!---->\n      <div data-colibri-id=\"657-c3\" class=\"h-row-container gutters-row-lg-2 gutters-row-md-2 gutters-row-0 gutters-row-v-lg-2 gutters-row-v-md-2 gutters-row-v-2 style-571 style-local-657-c3 position-relative\">\n        <!---->\n        <div class=\"h-row justify-content-lg-center justify-content-md-center justify-content-center align-items-lg-stretch align-items-md-stretch align-items-stretch gutters-col-lg-2 gutters-col-md-2 gutters-col-0 gutters-col-v-lg-2 gutters-col-v-md-2 gutters-col-v-2\">\n          <!---->\n          <div class=\"h-column h-column-container d-flex h-col-lg-auto h-col-md-auto h-col-auto style-572-outer style-local-657-c4-outer\">\n            <div data-colibri-id=\"657-c4\" class=\"d-flex h-flex-basis h-column__inner h-px-lg-2 h-px-md-2 h-px-2 v-inner-lg-2 v-inner-md-2 v-inner-2 style-572 style-local-657-c4 position-relative\">\n              <!---->\n              <!---->\n              <div class=\"w-100 h-y-container h-column__content h-column__v-align flex-basis-100 align-self-lg-start align-self-md-start align-self-start\">\n                <!---->\n                <div data-colibri-id=\"657-c5\" class=\"h-text h-text-component style-585 style-local-657-c5 position-relative h-element\">\n                  <!---->\n                  <!---->\n                  <div class=\"\">\n                    <p>\n                      <a href=\"https:\/\/mri-run.com\/index.php\/catalogue-materiel-informatique\">Informatique<\/a>\n                    <\/p>\n                  <\/div>\n                <\/div>\n                <div data-colibri-id=\"657-c6\" class=\"d-block style-581 style-local-657-c6 position-relative h-element\">\n                  <!---->\n                  <div class=\"h-image__frame-container-outer\">\n                    <a href=\"https:\/\/mri-run.com\/index.php\/catalogue-materiel-informatique\/\" h-use-smooth-scroll=\"true\" class=\"image-link\">\n                      <div class=\"h-image__frame-container\">\n                        <!---->\n                        <!---->\n                        <img decoding=\"async\" width=\"904\" height=\"845\" src=\"https:\/\/mri-run.com\/wp-content\/uploads\/2020\/04\/cropped-colibri-image-24.png\" class=\"wp-image-664 style-581-image style-local-657-c6-image\" srcset=\"https:\/\/mri-run.com\/wp-content\/uploads\/2020\/04\/cropped-colibri-image-24.png 904w, https:\/\/mri-run.com\/wp-content\/uploads\/2020\/04\/cropped-colibri-image-24-300x280.png 300w, https:\/\/mri-run.com\/wp-content\/uploads\/2020\/04\/cropped-colibri-image-24-768x718.png 768w\" sizes=\"(max-width: 904px) 100vw, 904px\" alt=\"\" \/>\n                        <div class=\"h-image__frame h-hide-lg h-hide-md h-hide-sm style-581-frameImage style-local-657-c6-frameImage\"><\/div>\n                      <\/div>\n                    <\/a>\n                  <\/div>\n                <\/div>\n              <\/div>\n            <\/div>\n          <\/div>\n          <div class=\"h-column h-column-container d-flex h-col-lg-auto h-col-md-auto h-col-auto style-574-outer style-local-657-c7-outer\">\n            <div data-colibri-id=\"657-c7\" class=\"d-flex h-flex-basis h-column__inner h-px-lg-2 h-px-md-2 h-px-2 v-inner-lg-2 v-inner-md-2 v-inner-2 style-574 style-local-657-c7 position-relative\">\n              <!---->\n              <!---->\n              <div class=\"w-100 h-y-container h-column__content h-column__v-align flex-basis-100 align-self-lg-start align-self-md-start align-self-start\">\n                <!---->\n                <div data-colibri-id=\"657-c8\" class=\"h-text h-text-component style-586 style-local-657-c8 position-relative h-element\">\n                  <!---->\n                  <!---->\n                  <div class=\"\">\n                    <p>\n                      <a href=\"https:\/\/mri-run.com\/index.php\/catalogue-materiel-informatique\">T\u00e9l\u00e9phonie<\/a>\n                    <\/p>\n                  <\/div>\n                <\/div>\n                <div data-colibri-id=\"657-c9\" class=\"d-block style-578 style-local-657-c9 position-relative h-element\">\n                  <!---->\n                  <div class=\"h-image__frame-container-outer\">\n                    <a href=\"https:\/\/mri-run.com\/index.php\/catalogue-materiel-informatique\/\" h-use-smooth-scroll=\"true\" class=\"image-link\">\n                      <div class=\"h-image__frame-container\">\n                        <!---->\n                        <!---->\n                        <img decoding=\"async\" width=\"1280\" height=\"814\" src=\"https:\/\/mri-run.com\/wp-content\/uploads\/2020\/04\/phone-388838_1280.png\" class=\"wp-image-263 style-578-image style-local-657-c9-image\" srcset=\"https:\/\/mri-run.com\/wp-content\/uploads\/2020\/04\/phone-388838_1280.png 1280w, https:\/\/mri-run.com\/wp-content\/uploads\/2020\/04\/phone-388838_1280-600x382.png 600w, https:\/\/mri-run.com\/wp-content\/uploads\/2020\/04\/phone-388838_1280-300x191.png 300w, https:\/\/mri-run.com\/wp-content\/uploads\/2020\/04\/phone-388838_1280-1024x651.png 1024w, https:\/\/mri-run.com\/wp-content\/uploads\/2020\/04\/phone-388838_1280-768x488.png 768w\" sizes=\"(max-width: 1280px) 100vw, 1280px\" alt=\"\" \/>\n                        <div class=\"h-image__frame h-hide-lg h-hide-md h-hide-sm style-578-frameImage style-local-657-c9-frameImage\"><\/div>\n                      <\/div>\n                    <\/a>\n                  <\/div>\n                <\/div>\n              <\/div>\n            <\/div>\n          <\/div>\n          <div class=\"h-column h-column-container d-flex h-col-lg-auto h-col-md-auto h-col-auto style-579-outer style-local-657-c10-outer\">\n            <div data-colibri-id=\"657-c10\" class=\"d-flex h-flex-basis h-column__inner h-px-lg-2 h-px-md-2 h-px-2 v-inner-lg-2 v-inner-md-2 v-inner-2 style-579 style-local-657-c10 position-relative\">\n              <!---->\n              <!---->\n              <div class=\"w-100 h-y-container h-column__content h-column__v-align flex-basis-100 align-self-lg-start align-self-md-start align-self-start\">\n                <!---->\n                <div data-colibri-id=\"657-c11\" class=\"h-text h-text-component style-591 style-local-657-c11 position-relative h-element\">\n                  <!---->\n                  <!---->\n                  <div class=\"\">\n                    <p>\n                      <a href=\"https:\/\/mri-run.com\/index.php\/catalogue-materiel-informatique\">R\u00e9seau<\/a>\n                    <\/p>\n                  <\/div>\n                <\/div>\n                <div data-colibri-id=\"657-c12\" class=\"d-block style-584 style-local-657-c12 position-relative h-element\">\n                  <!---->\n                  <div class=\"h-image__frame-container-outer\">\n                    <a href=\"https:\/\/mri-run.com\/index.php\/catalogue-materiel-informatique\/\" h-use-smooth-scroll=\"true\" class=\"image-link\">\n                      <div class=\"h-image__frame-container\">\n                        <!---->\n                        <!---->\n                        <img decoding=\"async\" width=\"1280\" height=\"1280\" src=\"https:\/\/mri-run.com\/wp-content\/uploads\/2020\/04\/cropped-network-1172193_1920-1.jpg\" class=\"wp-image-438 style-584-image style-local-657-c12-image\" srcset=\"https:\/\/mri-run.com\/wp-content\/uploads\/2020\/04\/cropped-network-1172193_1920-1.jpg 1280w, https:\/\/mri-run.com\/wp-content\/uploads\/2020\/04\/cropped-network-1172193_1920-1-300x300.jpg 300w, https:\/\/mri-run.com\/wp-content\/uploads\/2020\/04\/cropped-network-1172193_1920-1-100x100.jpg 100w, https:\/\/mri-run.com\/wp-content\/uploads\/2020\/04\/cropped-network-1172193_1920-1-600x600.jpg 600w, https:\/\/mri-run.com\/wp-content\/uploads\/2020\/04\/cropped-network-1172193_1920-1-1024x1024.jpg 1024w, https:\/\/mri-run.com\/wp-content\/uploads\/2020\/04\/cropped-network-1172193_1920-1-150x150.jpg 150w, https:\/\/mri-run.com\/wp-content\/uploads\/2020\/04\/cropped-network-1172193_1920-1-768x768.jpg 768w\" sizes=\"(max-width: 1280px) 100vw, 1280px\" alt=\"\" \/>\n                        <div class=\"h-image__frame h-hide-lg h-hide-md h-hide-sm style-584-frameImage style-local-657-c12-frameImage\"><\/div>\n                      <\/div>\n                    <\/a>\n                  <\/div>\n                <\/div>\n              <\/div>\n            <\/div>\n          <\/div>\n          <div class=\"h-column h-column-container d-flex h-col-lg-auto h-col-md-auto h-col-auto style-580-outer style-local-657-c13-outer\">\n            <div data-colibri-id=\"657-c13\" class=\"d-flex h-flex-basis h-column__inner h-px-lg-2 h-px-md-2 h-px-2 v-inner-lg-2 v-inner-md-2 v-inner-2 style-580 style-local-657-c13 position-relative\">\n              <!---->\n              <!---->\n              <div class=\"w-100 h-y-container h-column__content h-column__v-align flex-basis-100 align-self-lg-start align-self-md-start align-self-start\">\n                <!---->\n                <div data-colibri-id=\"657-c14\" class=\"h-text h-text-component style-595 style-local-657-c14 position-relative h-element\">\n                  <!---->\n                  <!---->\n                  <div class=\"\">\n                    <p>\n                      <a href=\"https:\/\/mri-run.com\/index.php\/catalogue-materiel-informatique\" style=\"font-size: 102%;\">Protection \u00e9lectrique<\/a>\n                      <a href=\"https:\/\/mri-run.com\/index.php\/catalogue-materiel-informatique\">\n                        <br>\n                      <\/a>\n                    <\/p>\n                  <\/div>\n                <\/div>\n                <div data-colibri-id=\"657-c15\" class=\"d-block style-594 style-local-657-c15 position-relative h-element\">\n                  <!---->\n                  <div class=\"h-image__frame-container-outer\">\n                    <a href=\"https:\/\/mri-run.com\/index.php\/catalogue-materiel-informatique\/\" h-use-smooth-scroll=\"true\" class=\"image-link\">\n                      <div class=\"h-image__frame-container\">\n                        <!---->\n                        <!---->\n                        <img decoding=\"async\" width=\"256\" height=\"256\" src=\"https:\/\/mri-run.com\/wp-content\/uploads\/2020\/04\/pictogram-din-w008-electricisty.png\" class=\"wp-image-715 style-594-image style-local-657-c15-image\" srcset=\"https:\/\/mri-run.com\/wp-content\/uploads\/2020\/04\/pictogram-din-w008-electricisty.png 256w, https:\/\/mri-run.com\/wp-content\/uploads\/2020\/04\/pictogram-din-w008-electricisty-150x150.png 150w\" sizes=\"(max-width: 256px) 100vw, 256px\" alt=\"\" \/>\n                        <div class=\"h-image__frame h-hide-lg h-hide-md h-hide-sm style-594-frameImage style-local-657-c15-frameImage\"><\/div>\n                      <\/div>\n                    <\/a>\n                  <\/div>\n                <\/div>\n              <\/div>\n            <\/div>\n          <\/div>\n        <\/div>\n      <\/div>\n      <div data-colibri-id=\"657-c16\" class=\"h-row-container gutters-row-lg-2 gutters-row-md-2 gutters-row-0 gutters-row-v-lg-2 gutters-row-v-md-2 gutters-row-v-2 style-582 style-local-657-c16 position-relative\">\n        <!---->\n        <div class=\"h-row justify-content-lg-center justify-content-md-center justify-content-center align-items-lg-stretch align-items-md-stretch align-items-stretch gutters-col-lg-2 gutters-col-md-2 gutters-col-0 gutters-col-v-lg-2 gutters-col-v-md-2 gutters-col-v-2\">\n          <!---->\n          <div class=\"h-column h-column-container d-flex h-col-lg-auto h-col-md-auto h-col-auto style-583-outer style-local-657-c17-outer\">\n            <div data-colibri-id=\"657-c17\" class=\"d-flex h-flex-basis h-column__inner h-ui-empty-state-container h-px-lg-2 h-px-md-2 h-px-2 v-inner-lg-2 v-inner-md-2 v-inner-2 style-583 style-local-657-c17 position-relative\">\n              <!---->\n              <!---->\n              <div class=\"w-100 h-y-container h-column__content h-column__v-align flex-basis-100\">\n                <!---->\n              <\/div>\n            <\/div>\n          <\/div>\n        <\/div>\n      <\/div>\n    <\/div>\n  <\/div>\n<\/div>","protected":false},"excerpt":{"rendered":"<p>Informatique T\u00e9l\u00e9phonie R\u00e9seau Protection \u00e9lectrique<\/p>\n","protected":false},"author":1,"featured_media":0,"parent":0,"menu_order":0,"comment_status":"closed","ping_status":"closed","template":"page-templates\/full-width-page.php","meta":[],"yoast_head":"<!-- This site is optimized with the Yoast SEO plugin v20.8 - https:\/\/yoast.com\/wordpress\/plugins\/seo\/ -->\n<title>Catalogue - MRI-Run<\/title>\n<meta name=\"robots\" content=\"index, follow, max-snippet:-1, max-image-preview:large, max-video-preview:-1\" \/>\n<link rel=\"canonical\" href=\"https:\/\/mri-run.com\/index.php\/catalogue\/\" \/>\n<meta property=\"og:locale\" content=\"fr_FR\" \/>\n<meta property=\"og:type\" content=\"article\" \/>\n<meta property=\"og:title\" content=\"Catalogue - MRI-Run\" \/>\n<meta property=\"og:description\" content=\"Informatique T\u00e9l\u00e9phonie R\u00e9seau Protection \u00e9lectrique\" \/>\n<meta property=\"og:url\" content=\"https:\/\/mri-run.com\/index.php\/catalogue\/\" \/>\n<meta property=\"og:site_name\" content=\"MRI-Run\" \/>\n<meta property=\"article:modified_time\" content=\"2021-11-18T09:49:20+00:00\" \/>\n<meta property=\"og:image\" content=\"https:\/\/mri-run.com\/wp-content\/uploads\/2020\/04\/cropped-colibri-image-24.png\" \/>\n<meta name=\"twitter:card\" content=\"summary_large_image\" \/>\n<script type=\"application\/ld+json\" class=\"yoast-schema-graph\">{\"@context\":\"https:\/\/schema.org\",\"@graph\":[{\"@type\":\"WebPage\",\"@id\":\"https:\/\/mri-run.com\/index.php\/catalogue\/\",\"url\":\"https:\/\/mri-run.com\/index.php\/catalogue\/\",\"name\":\"Catalogue - MRI-Run\",\"isPartOf\":{\"@id\":\"https:\/\/mri-run.com\/#website\"},\"datePublished\":\"2020-04-20T14:15:55+00:00\",\"dateModified\":\"2021-11-18T09:49:20+00:00\",\"breadcrumb\":{\"@id\":\"https:\/\/mri-run.com\/index.php\/catalogue\/#breadcrumb\"},\"inLanguage\":\"fr-FR\",\"potentialAction\":[{\"@type\":\"ReadAction\",\"target\":[\"https:\/\/mri-run.com\/index.php\/catalogue\/\"]}]},{\"@type\":\"BreadcrumbList\",\"@id\":\"https:\/\/mri-run.com\/index.php\/catalogue\/#breadcrumb\",\"itemListElement\":[{\"@type\":\"ListItem\",\"position\":1,\"name\":\"Accueil\",\"item\":\"https:\/\/mri-run.com\/\"},{\"@type\":\"ListItem\",\"position\":2,\"name\":\"Catalogue\"}]},{\"@type\":\"WebSite\",\"@id\":\"https:\/\/mri-run.com\/#website\",\"url\":\"https:\/\/mri-run.com\/\",\"name\":\"MRI-Run\",\"description\":\"Prestataire informatique\",\"publisher\":{\"@id\":\"https:\/\/mri-run.com\/#organization\"},\"potentialAction\":[{\"@type\":\"SearchAction\",\"target\":{\"@type\":\"EntryPoint\",\"urlTemplate\":\"https:\/\/mri-run.com\/?s={search_term_string}\"},\"query-input\":\"required name=search_term_string\"}],\"inLanguage\":\"fr-FR\"},{\"@type\":\"Organization\",\"@id\":\"https:\/\/mri-run.com\/#organization\",\"name\":\"MRI-Run\",\"url\":\"https:\/\/mri-run.com\/\",\"logo\":{\"@type\":\"ImageObject\",\"inLanguage\":\"fr-FR\",\"@id\":\"https:\/\/mri-run.com\/#\/schema\/logo\/image\/\",\"url\":\"https:\/\/mri-run.com\/wp-content\/uploads\/2020\/04\/logog2.png\",\"contentUrl\":\"https:\/\/mri-run.com\/wp-content\/uploads\/2020\/04\/logog2.png\",\"width\":681,\"height\":650,\"caption\":\"MRI-Run\"},\"image\":{\"@id\":\"https:\/\/mri-run.com\/#\/schema\/logo\/image\/\"}}]}<\/script>\n<!-- \/ Yoast SEO plugin. -->","yoast_head_json":{"title":"Catalogue - MRI-Run","robots":{"index":"index","follow":"follow","max-snippet":"max-snippet:-1","max-image-preview":"max-image-preview:large","max-video-preview":"max-video-preview:-1"},"canonical":"https:\/\/mri-run.com\/index.php\/catalogue\/","og_locale":"fr_FR","og_type":"article","og_title":"Catalogue - MRI-Run","og_description":"Informatique T\u00e9l\u00e9phonie R\u00e9seau Protection \u00e9lectrique","og_url":"https:\/\/mri-run.com\/index.php\/catalogue\/","og_site_name":"MRI-Run","article_modified_time":"2021-11-18T09:49:20+00:00","og_image":[{"url":"https:\/\/mri-run.com\/wp-content\/uploads\/2020\/04\/cropped-colibri-image-24.png"}],"twitter_card":"summary_large_image","schema":{"@context":"https:\/\/schema.org","@graph":[{"@type":"WebPage","@id":"https:\/\/mri-run.com\/index.php\/catalogue\/","url":"https:\/\/mri-run.com\/index.php\/catalogue\/","name":"Catalogue - MRI-Run","isPartOf":{"@id":"https:\/\/mri-run.com\/#website"},"datePublished":"2020-04-20T14:15:55+00:00","dateModified":"2021-11-18T09:49:20+00:00","breadcrumb":{"@id":"https:\/\/mri-run.com\/index.php\/catalogue\/#breadcrumb"},"inLanguage":"fr-FR","potentialAction":[{"@type":"ReadAction","target":["https:\/\/mri-run.com\/index.php\/catalogue\/"]}]},{"@type":"BreadcrumbList","@id":"https:\/\/mri-run.com\/index.php\/catalogue\/#breadcrumb","itemListElement":[{"@type":"ListItem","position":1,"name":"Accueil","item":"https:\/\/mri-run.com\/"},{"@type":"ListItem","position":2,"name":"Catalogue"}]},{"@type":"WebSite","@id":"https:\/\/mri-run.com\/#website","url":"https:\/\/mri-run.com\/","name":"MRI-Run","description":"Prestataire informatique","publisher":{"@id":"https:\/\/mri-run.com\/#organization"},"potentialAction":[{"@type":"SearchAction","target":{"@type":"EntryPoint","urlTemplate":"https:\/\/mri-run.com\/?s={search_term_string}"},"query-input":"required name=search_term_string"}],"inLanguage":"fr-FR"},{"@type":"Organization","@id":"https:\/\/mri-run.com\/#organization","name":"MRI-Run","url":"https:\/\/mri-run.com\/","logo":{"@type":"ImageObject","inLanguage":"fr-FR","@id":"https:\/\/mri-run.com\/#\/schema\/logo\/image\/","url":"https:\/\/mri-run.com\/wp-content\/uploads\/2020\/04\/logog2.png","contentUrl":"https:\/\/mri-run.com\/wp-content\/uploads\/2020\/04\/logog2.png","width":681,"height":650,"caption":"MRI-Run"},"image":{"@id":"https:\/\/mri-run.com\/#\/schema\/logo\/image\/"}}]}},"_links":{"self":[{"href":"https:\/\/mri-run.com\/index.php\/wp-json\/wp\/v2\/pages\/657"}],"collection":[{"href":"https:\/\/mri-run.com\/index.php\/wp-json\/wp\/v2\/pages"}],"about":[{"href":"https:\/\/mri-run.com\/index.php\/wp-json\/wp\/v2\/types\/page"}],"author":[{"embeddable":true,"href":"https:\/\/mri-run.com\/index.php\/wp-json\/wp\/v2\/users\/1"}],"replies":[{"embeddable":true,"href":"https:\/\/mri-run.com\/index.php\/wp-json\/wp\/v2\/comments?post=657"}],"version-history":[{"count":13,"href":"https:\/\/mri-run.com\/index.php\/wp-json\/wp\/v2\/pages\/657\/revisions"}],"predecessor-version":[{"id":947,"href":"https:\/\/mri-run.com\/index.php\/wp-json\/wp\/v2\/pages\/657\/revisions\/947"}],"wp:attachment":[{"href":"https:\/\/mri-run.com\/index.php\/wp-json\/wp\/v2\/media?parent=657"}],"curies":[{"name":"wp","href":"https:\/\/api.w.org\/{rel}","templated":true}]}}