{"id":77,"date":"2020-04-10T10:01:55","date_gmt":"2020-04-10T08:01:55","guid":{"rendered":"http:\/\/mri-run.com\/?page_id=77"},"modified":"2020-04-16T08:08:56","modified_gmt":"2020-04-16T04:08:56","slug":"securite","status":"publish","type":"page","link":"https:\/\/mri-run.com\/index.php\/securite\/","title":{"rendered":"S\u00e9curit\u00e9"},"content":{"rendered":"<div data-colibri-id=\"77-c1\" class=\"style-473 style-local-77-c1 position-relative\">\n  <!---->\n  <div data-colibri-component=\"section\" data-colibri-id=\"77-c2\" id=\"about-3\" class=\"h-section h-section-global-spacing d-flex align-items-lg-center align-items-md-center align-items-center style-488 style-local-77-c2 position-relative\">\n    <!---->\n    <!---->\n    <div class=\"h-section-grid-container h-section-boxed-container\">\n      <!---->\n      <div data-colibri-id=\"77-c3\" class=\"h-row-container gutters-row-lg-0 gutters-row-md-0 gutters-row-0 gutters-row-v-lg-0 gutters-row-v-md-0 gutters-row-v-0 style-489 style-local-77-c3 position-relative\">\n        <!---->\n        <div class=\"h-row justify-content-lg-center justify-content-md-center justify-content-center align-items-lg-stretch align-items-md-stretch align-items-stretch gutters-col-lg-0 gutters-col-md-0 gutters-col-0 gutters-col-v-lg-0 gutters-col-v-md-0 gutters-col-v-0\">\n          <!---->\n          <div class=\"h-column h-column-container d-flex h-col-lg-auto h-col-md-auto h-col-auto style-490-outer style-local-77-c4-outer\">\n            <div data-colibri-id=\"77-c4\" class=\"d-flex h-flex-basis h-column__inner h-px-lg-0 h-px-md-0 h-px-0 v-inner-lg-0 v-inner-md-0 v-inner-0 style-490 style-local-77-c4 position-relative\">\n              <!---->\n              <!---->\n              <div class=\"w-100 h-y-container h-column__content h-column__v-align flex-basis-100 align-self-lg-start align-self-md-start align-self-start\">\n                <!---->\n                <div data-colibri-id=\"77-c5\" class=\"h-global-transition-all h-heading style-491 style-local-77-c5 position-relative h-element\">\n                  <!---->\n                  <!---->\n                  <h5 class=\"\">About us<\/h5>\n                <\/div>\n                <div data-colibri-id=\"77-c6\" class=\"h-global-transition-all h-heading style-492 style-local-77-c6 position-relative h-element\">\n                  <!---->\n                  <!---->\n                  <h2 class=\"\"><em style=\"font-family: &quot;Playfair Display&quot;;\">Solutions de bases<\/em><\/h2>\n                <\/div>\n                <div data-colibri-id=\"77-c7\" class=\"h-text h-text-component style-493 style-local-77-c7 position-relative h-element\">\n                  <!---->\n                  <!---->\n                  <div class=\"\">\n                    <p>Aujourd&#8217;hui il est incontournable d&#8217;avoir un minimum de s\u00e9curit\u00e9 pour votre syst\u00e8me d&#8217;information. Nous vous proposons des solutions antivirus, une s\u00e9curisation par mots de passe de vos \u00e9quipement et de vos logiciels, un verrouillage\n                      automatique de vos postes et des sauvegardes r\u00e9guli\u00e8res. C&#8217;est solutions sont indispensable en entreprise et obligatoire avec les normes RGPD.<\/p>\n                  <\/div>\n                <\/div>\n              <\/div>\n            <\/div>\n          <\/div>\n          <div class=\"h-column h-column-container d-flex h-col-lg-auto h-col-md-auto h-col-auto style-494-outer style-local-77-c8-outer\">\n            <div data-colibri-id=\"77-c8\" class=\"d-flex h-flex-basis h-column__inner h-ui-empty-state-container h-px-lg-2 h-px-md-2 h-px-2 v-inner-lg-2 v-inner-md-2 v-inner-2 style-494 style-local-77-c8 position-relative\">\n              <!---->\n              <!---->\n              <div class=\"w-100 h-y-container h-column__content h-column__v-align flex-basis-100\">\n                <!---->\n              <\/div>\n            <\/div>\n          <\/div>\n        <\/div>\n      <\/div>\n    <\/div>\n  <\/div>\n  <div data-colibri-component=\"section\" data-colibri-id=\"77-c9\" id=\"about-2\" class=\"h-section h-section-global-spacing d-flex align-items-lg-center align-items-md-center align-items-center style-481 style-local-77-c9 position-relative\">\n    <!---->\n    <!---->\n    <div class=\"h-section-grid-container h-section-boxed-container\">\n      <!---->\n      <div data-colibri-id=\"77-c10\" class=\"h-row-container gutters-row-lg-0 gutters-row-md-0 gutters-row-0 gutters-row-v-lg-0 gutters-row-v-md-0 gutters-row-v-0 style-482 style-local-77-c10 position-relative\">\n        <!---->\n        <div class=\"h-row justify-content-lg-center justify-content-md-center justify-content-center align-items-lg-stretch align-items-md-stretch align-items-stretch gutters-col-lg-0 gutters-col-md-0 gutters-col-0 gutters-col-v-lg-0 gutters-col-v-md-0 gutters-col-v-0\">\n          <!---->\n          <div class=\"h-column h-column-container d-flex h-col-lg-auto h-col-md-auto h-col-auto style-483-outer style-local-77-c11-outer\">\n            <div data-colibri-id=\"77-c11\" class=\"d-flex h-flex-basis h-column__inner h-ui-empty-state-container h-px-lg-0 h-px-md-0 h-px-0 v-inner-lg-0 v-inner-md-0 v-inner-0 style-483 style-local-77-c11 position-relative\">\n              <!---->\n              <!---->\n              <div class=\"w-100 h-y-container h-column__content h-column__v-align flex-basis-100\">\n                <!---->\n              <\/div>\n            <\/div>\n          <\/div>\n          <div class=\"h-column h-column-container d-flex h-col-lg-auto h-col-md-auto h-col-auto style-484-outer style-local-77-c12-outer\">\n            <div data-colibri-id=\"77-c12\" class=\"d-flex h-flex-basis h-column__inner h-px-lg-2 h-px-md-2 h-px-2 v-inner-lg-2 v-inner-md-2 v-inner-2 style-484 style-local-77-c12 position-relative\">\n              <!---->\n              <!---->\n              <div class=\"w-100 h-y-container h-column__content h-column__v-align flex-basis-100 align-self-lg-start align-self-md-start align-self-start\">\n                <!---->\n                <div data-colibri-id=\"77-c13\" class=\"h-global-transition-all h-heading style-485 style-local-77-c13 position-relative h-element\">\n                  <!---->\n                  <!---->\n                  <h5 class=\"\">About us<\/h5>\n                <\/div>\n                <div data-colibri-id=\"77-c14\" class=\"h-global-transition-all h-heading style-486 style-local-77-c14 position-relative h-element\">\n                  <!---->\n                  <!---->\n                  <h2 class=\"\"><em style=\"font-family: &quot;Playfair Display&quot;;\">Solutions de Sauvegardes et de R\u00e9plications<\/em><\/h2>\n                <\/div>\n                <div data-colibri-id=\"77-c15\" class=\"h-text h-text-component style-487 style-local-77-c15 position-relative h-element\">\n                  <!---->\n                  <!---->\n                  <div class=\"\">\n                    <p>Nous mettons en place des solutions de sauvegardes s\u00e9curis\u00e9es en respectant la r\u00e8gle 3-2-1 \u00e0 savoir 3 copies sur au moins 2 supports diff\u00e9rents dont 1 est hors site. La sauvegarde et la s\u00e9curisation de vos donn\u00e9es est primordiale.<\/p>\n                  <\/div>\n                <\/div>\n              <\/div>\n            <\/div>\n          <\/div>\n        <\/div>\n      <\/div>\n    <\/div>\n  <\/div>\n  <div data-colibri-component=\"section\" data-colibri-id=\"77-c16\" id=\"about\" class=\"h-section h-section-global-spacing d-flex align-items-lg-center align-items-md-center align-items-center style-474 style-local-77-c16 position-relative\">\n    <!---->\n    <!---->\n    <div class=\"h-section-grid-container h-section-boxed-container\">\n      <!---->\n      <div data-colibri-id=\"77-c17\" class=\"h-row-container gutters-row-lg-0 gutters-row-md-0 gutters-row-0 gutters-row-v-lg-0 gutters-row-v-md-0 gutters-row-v-0 style-475 style-local-77-c17 position-relative\">\n        <!---->\n        <div class=\"h-row justify-content-lg-center justify-content-md-center justify-content-center align-items-lg-stretch align-items-md-stretch align-items-stretch gutters-col-lg-0 gutters-col-md-0 gutters-col-0 gutters-col-v-lg-0 gutters-col-v-md-0 gutters-col-v-0\">\n          <!---->\n          <div class=\"h-column h-column-container d-flex h-col-lg-auto h-col-md-auto h-col-auto style-476-outer style-local-77-c18-outer\">\n            <div data-colibri-id=\"77-c18\" class=\"d-flex h-flex-basis h-column__inner h-px-lg-0 h-px-md-0 h-px-0 v-inner-lg-0 v-inner-md-0 v-inner-0 style-476 style-local-77-c18 position-relative\">\n              <!---->\n              <!---->\n              <div class=\"w-100 h-y-container h-column__content h-column__v-align flex-basis-100 align-self-lg-start align-self-md-start align-self-start\">\n                <!---->\n                <div data-colibri-id=\"77-c19\" class=\"h-global-transition-all h-heading style-477 style-local-77-c19 position-relative h-element\">\n                  <!---->\n                  <!---->\n                  <h5 class=\"\">About us<\/h5>\n                <\/div>\n                <div data-colibri-id=\"77-c20\" class=\"h-global-transition-all h-heading style-478 style-local-77-c20 position-relative h-element\">\n                  <!---->\n                  <!---->\n                  <h2 class=\"\"><em style=\"font-family: &quot;Playfair Display&quot;;\">Solutions VPN<\/em><\/h2>\n                <\/div>\n                <div data-colibri-id=\"77-c21\" class=\"h-text h-text-component style-479 style-local-77-c21 position-relative h-element\">\n                  <!---->\n                  <!---->\n                  <div class=\"\">\n                    <p>Nous vous proposons des solutions VPN pour vous permettre de vous connecter \u00e0 distance \u00e0 vos donn\u00e9es en toutes s\u00e9curit\u00e9 grace \u00e0 un tunnel chiffr\u00e9 et s\u00e9curis\u00e9. Ces solutions s&#8217;applique aussi pour toutes connexions inter-site.<\/p>\n                  <\/div>\n                <\/div>\n              <\/div>\n            <\/div>\n          <\/div>\n          <div class=\"h-column h-column-container d-flex h-col-lg-auto h-col-md-auto h-col-auto style-480-outer style-local-77-c22-outer\">\n            <div data-colibri-id=\"77-c22\" class=\"d-flex h-flex-basis h-column__inner h-ui-empty-state-container h-px-lg-2 h-px-md-2 h-px-2 v-inner-lg-2 v-inner-md-2 v-inner-2 style-480 style-local-77-c22 position-relative\">\n              <!---->\n              <!---->\n              <div class=\"w-100 h-y-container h-column__content h-column__v-align flex-basis-100\">\n                <!---->\n              <\/div>\n            <\/div>\n          <\/div>\n        <\/div>\n      <\/div>\n    <\/div>\n  <\/div>\n  <div data-colibri-component=\"section\" data-colibri-id=\"77-c23\" id=\"about-4\" class=\"h-section h-section-global-spacing d-flex align-items-lg-center align-items-md-center align-items-center style-495 style-local-77-c23 position-relative\">\n    <!---->\n    <!---->\n    <div class=\"h-section-grid-container h-section-boxed-container\">\n      <!---->\n      <div data-colibri-id=\"77-c24\" class=\"h-row-container gutters-row-lg-0 gutters-row-md-0 gutters-row-0 gutters-row-v-lg-0 gutters-row-v-md-0 gutters-row-v-0 style-496 style-local-77-c24 position-relative\">\n        <!---->\n        <div class=\"h-row justify-content-lg-center justify-content-md-center justify-content-center align-items-lg-stretch align-items-md-stretch align-items-stretch gutters-col-lg-0 gutters-col-md-0 gutters-col-0 gutters-col-v-lg-0 gutters-col-v-md-0 gutters-col-v-0\">\n          <!---->\n          <div class=\"h-column h-column-container d-flex h-col-lg-auto h-col-md-auto h-col-auto style-497-outer style-local-77-c25-outer\">\n            <div data-colibri-id=\"77-c25\" class=\"d-flex h-flex-basis h-column__inner h-ui-empty-state-container h-px-lg-0 h-px-md-0 h-px-0 v-inner-lg-0 v-inner-md-0 v-inner-0 style-497 style-local-77-c25 position-relative\">\n              <!---->\n              <!---->\n              <div class=\"w-100 h-y-container h-column__content h-column__v-align flex-basis-100\">\n                <!---->\n              <\/div>\n            <\/div>\n          <\/div>\n          <div class=\"h-column h-column-container d-flex h-col-lg-auto h-col-md-auto h-col-auto style-498-outer style-local-77-c26-outer\">\n            <div data-colibri-id=\"77-c26\" class=\"d-flex h-flex-basis h-column__inner h-px-lg-2 h-px-md-2 h-px-2 v-inner-lg-2 v-inner-md-2 v-inner-2 style-498 style-local-77-c26 position-relative\">\n              <!---->\n              <!---->\n              <div class=\"w-100 h-y-container h-column__content h-column__v-align flex-basis-100 align-self-lg-start align-self-md-start align-self-start\">\n                <!---->\n                <div data-colibri-id=\"77-c27\" class=\"h-global-transition-all h-heading style-499 style-local-77-c27 position-relative h-element\">\n                  <!---->\n                  <!---->\n                  <h5 class=\"\">About us<\/h5>\n                <\/div>\n                <div data-colibri-id=\"77-c28\" class=\"h-global-transition-all h-heading style-500 style-local-77-c28 position-relative h-element\">\n                  <!---->\n                  <!---->\n                  <h2 class=\"\"><em style=\"font-family: &quot;Playfair Display&quot;;\">Mise en conformit\u00e9 RGPD<\/em><\/h2>\n                <\/div>\n                <div data-colibri-id=\"77-c29\" class=\"h-text h-text-component style-501 style-local-77-c29 position-relative h-element\">\n                  <!---->\n                  <!---->\n                  <div class=\"\">\n                    <p>Nous vous accompagnerons pour vos projet de mise en conformit\u00e9 RGPD devenu obligatoire depuis 2018.<\/p>\n                  <\/div>\n                <\/div>\n              <\/div>\n            <\/div>\n          <\/div>\n        <\/div>\n      <\/div>\n    <\/div>\n  <\/div>\n  <div data-colibri-component=\"section\" data-colibri-id=\"77-c30\" id=\"contact-2\" class=\"h-section h-section-global-spacing d-flex align-items-lg-center align-items-md-center align-items-center style-540 style-local-77-c30 position-relative\">\n    <!---->\n    <!---->\n    <div class=\"h-section-grid-container h-section-boxed-container\">\n      <!---->\n      <div data-colibri-id=\"77-c31\" class=\"h-row-container gutters-row-lg-2 gutters-row-md-2 gutters-row-2 gutters-row-v-lg-2 gutters-row-v-md-2 gutters-row-v-2 style-541 style-local-77-c31 position-relative\">\n        <!---->\n        <div class=\"h-row justify-content-lg-center justify-content-md-center justify-content-center align-items-lg-stretch align-items-md-stretch align-items-stretch gutters-col-lg-2 gutters-col-md-2 gutters-col-2 gutters-col-v-lg-2 gutters-col-v-md-2 gutters-col-v-2\">\n          <!---->\n          <div class=\"h-column h-column-container d-flex h-col-lg-auto h-col-md-auto h-col-auto style-542-outer style-local-77-c32-outer\">\n            <div data-colibri-id=\"77-c32\" class=\"d-flex h-flex-basis h-column__inner h-px-lg-0 h-px-md-0 h-px-0 v-inner-lg-0 v-inner-md-0 v-inner-0 style-542 style-local-77-c32 position-relative\">\n              <div class=\"background-wrapper\">\n                <div class=\"background-layer background-layer-media-container-lg\">\n                  <!---->\n                  <div class=\"overlay-layer\">\n                    <div class=\"overlay-image-layer\" style=\"background-color: rgb(255, 255, 255); opacity: 0.8;\"><\/div>\n                  <\/div>\n                <\/div>\n                <div class=\"background-layer background-layer-media-container-md\">\n                  <!---->\n                  <div class=\"overlay-layer\">\n                    <div class=\"overlay-image-layer\" style=\"background-color: rgb(255, 255, 255); opacity: 0.8;\"><\/div>\n                  <\/div>\n                <\/div>\n                <div class=\"background-layer background-layer-media-container\">\n                  <!---->\n                  <div class=\"overlay-layer\">\n                    <div class=\"overlay-image-layer\" style=\"background-color: rgb(255, 255, 255); opacity: 0.8;\"><\/div>\n                  <\/div>\n                <\/div>\n              <\/div>\n              <!---->\n              <div class=\"w-100 h-y-container h-column__content h-column__v-align flex-basis-100 align-self-lg-center align-self-md-center align-self-center\">\n                <!---->\n                <div data-colibri-id=\"77-c33\" class=\"h-global-transition-all h-heading style-543 style-local-77-c33 position-relative h-element\">\n                  <!---->\n                  <!---->\n                  <h3 class=\"\">Contact me<\/h3>\n                <\/div>\n                <div data-colibri-id=\"77-c34\" class=\"style-544 style-local-77-c34 position-relative h-element\">\n                  <!---->\n                  <div class=\"h-global-transition-all h-contact-form-shortcode h-global-transition h-global-transition-all\">\n<div class=\"wpcf7 no-js\" id=\"wpcf7-f232-o1\" lang=\"fr-FR\" dir=\"ltr\">\n<div class=\"screen-reader-response\"><p role=\"status\" aria-live=\"polite\" aria-atomic=\"true\"><\/p> <ul><\/ul><\/div>\n<form action=\"\/index.php\/wp-json\/wp\/v2\/pages\/77#wpcf7-f232-o1\" method=\"post\" class=\"wpcf7-form init\" aria-label=\"Formulaire de contact\" novalidate=\"novalidate\" data-status=\"init\">\n<div style=\"display: none;\">\n<input type=\"hidden\" name=\"_wpcf7\" value=\"232\" \/>\n<input type=\"hidden\" name=\"_wpcf7_version\" value=\"5.7.7\" \/>\n<input type=\"hidden\" name=\"_wpcf7_locale\" value=\"fr_FR\" \/>\n<input type=\"hidden\" name=\"_wpcf7_unit_tag\" value=\"wpcf7-f232-o1\" \/>\n<input type=\"hidden\" name=\"_wpcf7_container_post\" value=\"0\" \/>\n<input type=\"hidden\" name=\"_wpcf7_posted_data_hash\" value=\"\" \/>\n<input type=\"hidden\" name=\"_wpcf7_recaptcha_response\" value=\"\" \/>\n<\/div>\n<p><label> Votre Nom<br \/>\n<span class=\"wpcf7-form-control-wrap\" data-name=\"your-name\"><input size=\"40\" class=\"wpcf7-form-control wpcf7-text wpcf7-validates-as-required\" aria-required=\"true\" aria-invalid=\"false\" value=\"\" type=\"text\" name=\"your-name\" \/><\/span> <\/label>\n<\/p>\n<p><label> Votre Email (required)<br \/>\n<span class=\"wpcf7-form-control-wrap\" data-name=\"your-email\"><input size=\"40\" class=\"wpcf7-form-control wpcf7-text wpcf7-email wpcf7-validates-as-required wpcf7-validates-as-email\" aria-required=\"true\" aria-invalid=\"false\" value=\"\" type=\"email\" name=\"your-email\" \/><\/span> <\/label>\n<\/p>\n<p><label> Objet<br \/>\n<span class=\"wpcf7-form-control-wrap\" data-name=\"your-subject\"><input size=\"40\" class=\"wpcf7-form-control wpcf7-text\" aria-invalid=\"false\" value=\"\" type=\"text\" name=\"your-subject\" \/><\/span> <\/label>\n<\/p>\n<p><label> Votre Message<br \/>\n<span class=\"wpcf7-form-control-wrap\" data-name=\"your-message\"><textarea cols=\"40\" rows=\"10\" class=\"wpcf7-form-control wpcf7-textarea\" aria-invalid=\"false\" name=\"your-message\"><\/textarea><\/span> <\/label>\n<\/p>\n<p><input class=\"wpcf7-form-control has-spinner wpcf7-submit\" type=\"submit\" value=\"Send\" \/>\n<\/p><div class=\"wpcf7-response-output\" aria-hidden=\"true\"><\/div>\n<\/form>\n<\/div>\n<\/div>\n                <\/div>\n              <\/div>\n            <\/div>\n          <\/div>\n        <\/div>\n      <\/div>\n    <\/div>\n  <\/div>\n<\/div>","protected":false},"excerpt":{"rendered":"<p>About us Solutions de bases Aujourd&#8217;hui il est incontournable d&#8217;avoir un minimum de s\u00e9curit\u00e9 pour votre syst\u00e8me d&#8217;information. Nous vous proposons des solutions antivirus, une s\u00e9curisation par mots de passe de vos \u00e9quipement et de vos logiciels, un verrouillage automatique de vos postes et des sauvegardes r\u00e9guli\u00e8res. C&#8217;est solutions sont indispensable en entreprise et obligatoire [&hellip;]<\/p>\n","protected":false},"author":1,"featured_media":0,"parent":0,"menu_order":0,"comment_status":"closed","ping_status":"closed","template":"page-templates\/full-width-page.php","meta":[],"yoast_head":"<!-- This site is optimized with the Yoast SEO plugin v20.8 - https:\/\/yoast.com\/wordpress\/plugins\/seo\/ -->\n<title>S\u00e9curit\u00e9 - MRI-Run<\/title>\n<meta name=\"robots\" content=\"index, follow, max-snippet:-1, max-image-preview:large, max-video-preview:-1\" \/>\n<link rel=\"canonical\" href=\"https:\/\/mri-run.com\/index.php\/securite\/\" \/>\n<meta property=\"og:locale\" content=\"fr_FR\" \/>\n<meta property=\"og:type\" content=\"article\" \/>\n<meta property=\"og:title\" content=\"S\u00e9curit\u00e9 - MRI-Run\" \/>\n<meta property=\"og:description\" content=\"About us Solutions de bases Aujourd&#8217;hui il est incontournable d&#8217;avoir un minimum de s\u00e9curit\u00e9 pour votre syst\u00e8me d&#8217;information. Nous vous proposons des solutions antivirus, une s\u00e9curisation par mots de passe de vos \u00e9quipement et de vos logiciels, un verrouillage automatique de vos postes et des sauvegardes r\u00e9guli\u00e8res. C&#8217;est solutions sont indispensable en entreprise et obligatoire [&hellip;]\" \/>\n<meta property=\"og:url\" content=\"https:\/\/mri-run.com\/index.php\/securite\/\" \/>\n<meta property=\"og:site_name\" content=\"MRI-Run\" \/>\n<meta property=\"article:modified_time\" content=\"2020-04-16T04:08:56+00:00\" \/>\n<meta name=\"twitter:card\" content=\"summary_large_image\" \/>\n<meta name=\"twitter:label1\" content=\"Dur\u00e9e de lecture estim\u00e9e\" \/>\n\t<meta name=\"twitter:data1\" content=\"1 minute\" \/>\n<script type=\"application\/ld+json\" class=\"yoast-schema-graph\">{\"@context\":\"https:\/\/schema.org\",\"@graph\":[{\"@type\":\"WebPage\",\"@id\":\"https:\/\/mri-run.com\/index.php\/securite\/\",\"url\":\"https:\/\/mri-run.com\/index.php\/securite\/\",\"name\":\"S\u00e9curit\u00e9 - MRI-Run\",\"isPartOf\":{\"@id\":\"https:\/\/mri-run.com\/#website\"},\"datePublished\":\"2020-04-10T08:01:55+00:00\",\"dateModified\":\"2020-04-16T04:08:56+00:00\",\"breadcrumb\":{\"@id\":\"https:\/\/mri-run.com\/index.php\/securite\/#breadcrumb\"},\"inLanguage\":\"fr-FR\",\"potentialAction\":[{\"@type\":\"ReadAction\",\"target\":[\"https:\/\/mri-run.com\/index.php\/securite\/\"]}]},{\"@type\":\"BreadcrumbList\",\"@id\":\"https:\/\/mri-run.com\/index.php\/securite\/#breadcrumb\",\"itemListElement\":[{\"@type\":\"ListItem\",\"position\":1,\"name\":\"Accueil\",\"item\":\"https:\/\/mri-run.com\/\"},{\"@type\":\"ListItem\",\"position\":2,\"name\":\"S\u00e9curit\u00e9\"}]},{\"@type\":\"WebSite\",\"@id\":\"https:\/\/mri-run.com\/#website\",\"url\":\"https:\/\/mri-run.com\/\",\"name\":\"MRI-Run\",\"description\":\"Prestataire informatique\",\"publisher\":{\"@id\":\"https:\/\/mri-run.com\/#organization\"},\"potentialAction\":[{\"@type\":\"SearchAction\",\"target\":{\"@type\":\"EntryPoint\",\"urlTemplate\":\"https:\/\/mri-run.com\/?s={search_term_string}\"},\"query-input\":\"required name=search_term_string\"}],\"inLanguage\":\"fr-FR\"},{\"@type\":\"Organization\",\"@id\":\"https:\/\/mri-run.com\/#organization\",\"name\":\"MRI-Run\",\"url\":\"https:\/\/mri-run.com\/\",\"logo\":{\"@type\":\"ImageObject\",\"inLanguage\":\"fr-FR\",\"@id\":\"https:\/\/mri-run.com\/#\/schema\/logo\/image\/\",\"url\":\"https:\/\/mri-run.com\/wp-content\/uploads\/2020\/04\/logog2.png\",\"contentUrl\":\"https:\/\/mri-run.com\/wp-content\/uploads\/2020\/04\/logog2.png\",\"width\":681,\"height\":650,\"caption\":\"MRI-Run\"},\"image\":{\"@id\":\"https:\/\/mri-run.com\/#\/schema\/logo\/image\/\"}}]}<\/script>\n<!-- \/ Yoast SEO plugin. -->","yoast_head_json":{"title":"S\u00e9curit\u00e9 - MRI-Run","robots":{"index":"index","follow":"follow","max-snippet":"max-snippet:-1","max-image-preview":"max-image-preview:large","max-video-preview":"max-video-preview:-1"},"canonical":"https:\/\/mri-run.com\/index.php\/securite\/","og_locale":"fr_FR","og_type":"article","og_title":"S\u00e9curit\u00e9 - MRI-Run","og_description":"About us Solutions de bases Aujourd&#8217;hui il est incontournable d&#8217;avoir un minimum de s\u00e9curit\u00e9 pour votre syst\u00e8me d&#8217;information. Nous vous proposons des solutions antivirus, une s\u00e9curisation par mots de passe de vos \u00e9quipement et de vos logiciels, un verrouillage automatique de vos postes et des sauvegardes r\u00e9guli\u00e8res. C&#8217;est solutions sont indispensable en entreprise et obligatoire [&hellip;]","og_url":"https:\/\/mri-run.com\/index.php\/securite\/","og_site_name":"MRI-Run","article_modified_time":"2020-04-16T04:08:56+00:00","twitter_card":"summary_large_image","twitter_misc":{"Dur\u00e9e de lecture estim\u00e9e":"1 minute"},"schema":{"@context":"https:\/\/schema.org","@graph":[{"@type":"WebPage","@id":"https:\/\/mri-run.com\/index.php\/securite\/","url":"https:\/\/mri-run.com\/index.php\/securite\/","name":"S\u00e9curit\u00e9 - MRI-Run","isPartOf":{"@id":"https:\/\/mri-run.com\/#website"},"datePublished":"2020-04-10T08:01:55+00:00","dateModified":"2020-04-16T04:08:56+00:00","breadcrumb":{"@id":"https:\/\/mri-run.com\/index.php\/securite\/#breadcrumb"},"inLanguage":"fr-FR","potentialAction":[{"@type":"ReadAction","target":["https:\/\/mri-run.com\/index.php\/securite\/"]}]},{"@type":"BreadcrumbList","@id":"https:\/\/mri-run.com\/index.php\/securite\/#breadcrumb","itemListElement":[{"@type":"ListItem","position":1,"name":"Accueil","item":"https:\/\/mri-run.com\/"},{"@type":"ListItem","position":2,"name":"S\u00e9curit\u00e9"}]},{"@type":"WebSite","@id":"https:\/\/mri-run.com\/#website","url":"https:\/\/mri-run.com\/","name":"MRI-Run","description":"Prestataire informatique","publisher":{"@id":"https:\/\/mri-run.com\/#organization"},"potentialAction":[{"@type":"SearchAction","target":{"@type":"EntryPoint","urlTemplate":"https:\/\/mri-run.com\/?s={search_term_string}"},"query-input":"required name=search_term_string"}],"inLanguage":"fr-FR"},{"@type":"Organization","@id":"https:\/\/mri-run.com\/#organization","name":"MRI-Run","url":"https:\/\/mri-run.com\/","logo":{"@type":"ImageObject","inLanguage":"fr-FR","@id":"https:\/\/mri-run.com\/#\/schema\/logo\/image\/","url":"https:\/\/mri-run.com\/wp-content\/uploads\/2020\/04\/logog2.png","contentUrl":"https:\/\/mri-run.com\/wp-content\/uploads\/2020\/04\/logog2.png","width":681,"height":650,"caption":"MRI-Run"},"image":{"@id":"https:\/\/mri-run.com\/#\/schema\/logo\/image\/"}}]}},"_links":{"self":[{"href":"https:\/\/mri-run.com\/index.php\/wp-json\/wp\/v2\/pages\/77"}],"collection":[{"href":"https:\/\/mri-run.com\/index.php\/wp-json\/wp\/v2\/pages"}],"about":[{"href":"https:\/\/mri-run.com\/index.php\/wp-json\/wp\/v2\/types\/page"}],"author":[{"embeddable":true,"href":"https:\/\/mri-run.com\/index.php\/wp-json\/wp\/v2\/users\/1"}],"replies":[{"embeddable":true,"href":"https:\/\/mri-run.com\/index.php\/wp-json\/wp\/v2\/comments?post=77"}],"version-history":[{"count":6,"href":"https:\/\/mri-run.com\/index.php\/wp-json\/wp\/v2\/pages\/77\/revisions"}],"predecessor-version":[{"id":447,"href":"https:\/\/mri-run.com\/index.php\/wp-json\/wp\/v2\/pages\/77\/revisions\/447"}],"wp:attachment":[{"href":"https:\/\/mri-run.com\/index.php\/wp-json\/wp\/v2\/media?parent=77"}],"curies":[{"name":"wp","href":"https:\/\/api.w.org\/{rel}","templated":true}]}}