{"id":80,"date":"2020-04-10T10:03:00","date_gmt":"2020-04-10T08:03:00","guid":{"rendered":"http:\/\/mri-run.com\/?page_id=80"},"modified":"2020-04-15T10:33:49","modified_gmt":"2020-04-15T06:33:49","slug":"infogerance-maintenance","status":"publish","type":"page","link":"https:\/\/mri-run.com\/index.php\/infogerance-maintenance\/","title":{"rendered":"Infog\u00e9rance \/ Maintenance"},"content":{"rendered":"<div data-colibri-id=\"80-c1\" class=\"style-339 style-local-80-c1 position-relative\">\n  <!---->\n  <div data-colibri-component=\"section\" data-colibri-id=\"80-c50\" id=\"about-3\" class=\"h-section h-section-global-spacing d-flex align-items-lg-center align-items-md-center align-items-center style-452 style-local-80-c50 position-relative\">\n    <!---->\n    <!---->\n    <div class=\"h-section-grid-container h-section-boxed-container\">\n      <!---->\n      <div data-colibri-id=\"80-c51\" class=\"h-row-container gutters-row-lg-0 gutters-row-md-0 gutters-row-0 gutters-row-v-lg-0 gutters-row-v-md-0 gutters-row-v-0 style-453 style-local-80-c51 position-relative\">\n        <!---->\n        <div class=\"h-row justify-content-lg-center justify-content-md-center justify-content-center align-items-lg-stretch align-items-md-stretch align-items-stretch gutters-col-lg-0 gutters-col-md-0 gutters-col-0 gutters-col-v-lg-0 gutters-col-v-md-0 gutters-col-v-0\">\n          <!---->\n          <div class=\"h-column h-column-container d-flex h-col-lg-auto h-col-md-auto h-col-auto style-454-outer style-local-80-c52-outer\">\n            <div data-colibri-id=\"80-c52\" class=\"d-flex h-flex-basis h-column__inner h-px-lg-0 h-px-md-0 h-px-0 v-inner-lg-0 v-inner-md-0 v-inner-0 style-454 style-local-80-c52 position-relative\">\n              <!---->\n              <!---->\n              <div class=\"w-100 h-y-container h-column__content h-column__v-align flex-basis-100 align-self-lg-start align-self-md-start align-self-start\">\n                <!---->\n                <div data-colibri-id=\"80-c53\" class=\"h-global-transition-all h-heading style-455 style-local-80-c53 position-relative h-element\">\n                  <!---->\n                  <!---->\n                  <h5 class=\"\">About us<\/h5>\n                <\/div>\n                <div data-colibri-id=\"80-c54\" class=\"h-global-transition-all h-heading style-456 style-local-80-c54 position-relative h-element\">\n                  <!---->\n                  <!---->\n                  <h2 class=\"\"><em style=\"font-family: &quot;Playfair Display&quot;; color: rgb(244, 248, 249);\">INFOGERANCE<\/em><\/h2>\n                <\/div>\n                <div data-colibri-id=\"80-c55\" class=\"h-text h-text-component style-457 style-local-80-c55 position-relative h-element\">\n                  <!---->\n                  <!---->\n                  <div class=\"\">\n                    <p><span style=\"font-weight: 400; font-size: 16px; font-family: &quot;Open Sans&quot;; color: rgb(255, 255, 255);\">Nous vous proposons un contrat d&#8217;infog\u00e9rance adapt\u00e9 \u00e0 votre structure qui comprend une maintenance de votre syst\u00e8me informatique ainsi qu&#8217;une solution de sauvegarde adapt\u00e9 \u00e0 vos donn\u00e9es.<\/span><\/p>\n                  <\/div>\n                <\/div>\n              <\/div>\n            <\/div>\n          <\/div>\n          <div class=\"h-column h-column-container d-flex h-col-lg-auto h-col-md-auto h-col-auto style-458-outer style-local-80-c56-outer\">\n            <div data-colibri-id=\"80-c56\" class=\"d-flex h-flex-basis h-column__inner h-ui-empty-state-container h-px-lg-2 h-px-md-2 h-px-2 v-inner-lg-2 v-inner-md-2 v-inner-2 style-458 style-local-80-c56 position-relative\">\n              <!---->\n              <!---->\n              <div class=\"w-100 h-y-container h-column__content h-column__v-align flex-basis-100\">\n                <!---->\n              <\/div>\n            <\/div>\n          <\/div>\n        <\/div>\n      <\/div>\n    <\/div>\n  <\/div>\n  <div data-colibri-component=\"section\" data-colibri-id=\"80-c64\" id=\"about\" class=\"h-section h-section-global-spacing d-flex align-items-lg-center align-items-md-center align-items-center style-466 style-local-80-c64 position-relative\">\n    <!---->\n    <!---->\n    <div class=\"h-section-grid-container h-section-boxed-container\">\n      <!---->\n      <div data-colibri-id=\"80-c65\" class=\"h-row-container gutters-row-lg-0 gutters-row-md-0 gutters-row-0 gutters-row-v-lg-0 gutters-row-v-md-0 gutters-row-v-0 style-467 style-local-80-c65 position-relative\">\n        <!---->\n        <div class=\"h-row justify-content-lg-center justify-content-md-center justify-content-center align-items-lg-stretch align-items-md-stretch align-items-stretch gutters-col-lg-0 gutters-col-md-0 gutters-col-0 gutters-col-v-lg-0 gutters-col-v-md-0 gutters-col-v-0\">\n          <!---->\n          <div class=\"h-column h-column-container d-flex h-col-lg-auto h-col-md-auto h-col-auto style-468-outer style-local-80-c66-outer\">\n            <div data-colibri-id=\"80-c66\" class=\"d-flex h-flex-basis h-column__inner h-ui-empty-state-container h-px-lg-0 h-px-md-0 h-px-0 v-inner-lg-0 v-inner-md-0 v-inner-0 style-468 style-local-80-c66 position-relative\">\n              <!---->\n              <!---->\n              <div class=\"w-100 h-y-container h-column__content h-column__v-align flex-basis-100\">\n                <!---->\n              <\/div>\n            <\/div>\n          <\/div>\n          <div class=\"h-column h-column-container d-flex h-col-lg-auto h-col-md-auto h-col-auto style-469-outer style-local-80-c67-outer\">\n            <div data-colibri-id=\"80-c67\" class=\"d-flex h-flex-basis h-column__inner h-px-lg-2 h-px-md-2 h-px-2 v-inner-lg-2 v-inner-md-2 v-inner-2 style-469 style-local-80-c67 position-relative\">\n              <!---->\n              <!---->\n              <div class=\"w-100 h-y-container h-column__content h-column__v-align flex-basis-100 align-self-lg-start align-self-md-start align-self-start\">\n                <!---->\n                <div data-colibri-id=\"80-c68\" class=\"h-global-transition-all h-heading style-470 style-local-80-c68 position-relative h-element\">\n                  <!---->\n                  <!---->\n                  <h5 class=\"\">About us<\/h5>\n                <\/div>\n                <div data-colibri-id=\"80-c69\" class=\"h-global-transition-all h-heading style-471 style-local-80-c69 position-relative h-element\">\n                  <!---->\n                  <!---->\n                  <h2 class=\"\"><em style=\"font-family: &quot;Playfair Display&quot;; color: rgb(241, 245, 246);\">MAINTENANCE PONCTUELLE<\/em><\/h2>\n                <\/div>\n                <div data-colibri-id=\"80-c70\" class=\"h-text h-text-component style-472 style-local-80-c70 position-relative h-element\">\n                  <!---->\n                  <!---->\n                  <div class=\"\">\n                    <p><span style=\"font-weight: 400; font-size: 16px; font-family: &quot;Open Sans&quot;; color: rgb(255, 255, 255);\">Vous pouvez faire appel \u00e0 nous pour des intervention ponctuelle ou des missions de configuration, d&#8217;installation et de maintenance .<\/span><\/p>\n                  <\/div>\n                <\/div>\n              <\/div>\n            <\/div>\n          <\/div>\n        <\/div>\n      <\/div>\n    <\/div>\n  <\/div>\n  <div data-colibri-component=\"section\" data-colibri-id=\"80-c24\" id=\"contact\" class=\"h-section h-section-global-spacing d-flex align-items-lg-center align-items-md-center align-items-center style-362 style-local-80-c24 position-relative\">\n    <!---->\n    <!---->\n    <div class=\"h-section-grid-container h-section-boxed-container\">\n      <!---->\n      <div data-colibri-id=\"80-c25\" class=\"h-row-container gutters-row-lg-2 gutters-row-md-2 gutters-row-2 gutters-row-v-lg-2 gutters-row-v-md-2 gutters-row-v-2 style-363 style-local-80-c25 position-relative\">\n        <!---->\n        <div class=\"h-row justify-content-lg-center justify-content-md-center justify-content-center align-items-lg-stretch align-items-md-stretch align-items-stretch gutters-col-lg-2 gutters-col-md-2 gutters-col-2 gutters-col-v-lg-2 gutters-col-v-md-2 gutters-col-v-2\">\n          <!---->\n          <div class=\"h-column h-column-container d-flex h-col-lg-auto h-col-md-auto h-col-auto style-364-outer style-local-80-c26-outer\">\n            <div data-colibri-id=\"80-c26\" class=\"d-flex h-flex-basis h-column__inner h-px-lg-0 h-px-md-0 h-px-0 v-inner-lg-0 v-inner-md-0 v-inner-0 style-364 style-local-80-c26 position-relative\">\n              <div class=\"background-wrapper\">\n                <div class=\"background-layer background-layer-media-container-lg\">\n                  <!---->\n                  <div class=\"overlay-layer\">\n                    <div class=\"overlay-image-layer\" style=\"background-color: rgb(255, 255, 255); opacity: 0.8;\"><\/div>\n                  <\/div>\n                <\/div>\n                <div class=\"background-layer background-layer-media-container-md\">\n                  <!---->\n                  <div class=\"overlay-layer\">\n                    <div class=\"overlay-image-layer\" style=\"background-color: rgb(255, 255, 255); opacity: 0.8;\"><\/div>\n                  <\/div>\n                <\/div>\n                <div class=\"background-layer background-layer-media-container\">\n                  <!---->\n                  <div class=\"overlay-layer\">\n                    <div class=\"overlay-image-layer\" style=\"background-color: rgb(255, 255, 255); opacity: 0.8;\"><\/div>\n                  <\/div>\n                <\/div>\n              <\/div>\n              <!---->\n              <div class=\"w-100 h-y-container h-column__content h-column__v-align flex-basis-100 align-self-lg-center align-self-md-center align-self-center\">\n                <!---->\n                <div data-colibri-id=\"80-c27\" class=\"h-global-transition-all h-heading style-365 style-local-80-c27 position-relative h-element\">\n                  <!---->\n                  <!---->\n                  <h3 class=\"\">Contactez nous<\/h3>\n                <\/div>\n                <div data-colibri-id=\"80-c28\" class=\"style-430 style-local-80-c28 position-relative h-element\">\n                  <!---->\n                  <div class=\"h-global-transition-all h-contact-form-shortcode h-global-transition h-global-transition-all\">\n<div class=\"wpcf7 no-js\" id=\"wpcf7-f232-o1\" lang=\"fr-FR\" dir=\"ltr\">\n<div class=\"screen-reader-response\"><p role=\"status\" aria-live=\"polite\" aria-atomic=\"true\"><\/p> <ul><\/ul><\/div>\n<form action=\"\/index.php\/wp-json\/wp\/v2\/pages\/80#wpcf7-f232-o1\" method=\"post\" class=\"wpcf7-form init\" aria-label=\"Formulaire de contact\" novalidate=\"novalidate\" data-status=\"init\">\n<div style=\"display: none;\">\n<input type=\"hidden\" name=\"_wpcf7\" value=\"232\" \/>\n<input type=\"hidden\" name=\"_wpcf7_version\" value=\"5.7.7\" \/>\n<input type=\"hidden\" name=\"_wpcf7_locale\" value=\"fr_FR\" \/>\n<input type=\"hidden\" name=\"_wpcf7_unit_tag\" value=\"wpcf7-f232-o1\" \/>\n<input type=\"hidden\" name=\"_wpcf7_container_post\" value=\"0\" \/>\n<input type=\"hidden\" name=\"_wpcf7_posted_data_hash\" value=\"\" \/>\n<input type=\"hidden\" name=\"_wpcf7_recaptcha_response\" value=\"\" \/>\n<\/div>\n<p><label> Votre Nom<br \/>\n<span class=\"wpcf7-form-control-wrap\" data-name=\"your-name\"><input size=\"40\" class=\"wpcf7-form-control wpcf7-text wpcf7-validates-as-required\" aria-required=\"true\" aria-invalid=\"false\" value=\"\" type=\"text\" name=\"your-name\" \/><\/span> <\/label>\n<\/p>\n<p><label> Votre Email (required)<br \/>\n<span class=\"wpcf7-form-control-wrap\" data-name=\"your-email\"><input size=\"40\" class=\"wpcf7-form-control wpcf7-text wpcf7-email wpcf7-validates-as-required wpcf7-validates-as-email\" aria-required=\"true\" aria-invalid=\"false\" value=\"\" type=\"email\" name=\"your-email\" \/><\/span> <\/label>\n<\/p>\n<p><label> Objet<br \/>\n<span class=\"wpcf7-form-control-wrap\" data-name=\"your-subject\"><input size=\"40\" class=\"wpcf7-form-control wpcf7-text\" aria-invalid=\"false\" value=\"\" type=\"text\" name=\"your-subject\" \/><\/span> <\/label>\n<\/p>\n<p><label> Votre Message<br \/>\n<span class=\"wpcf7-form-control-wrap\" data-name=\"your-message\"><textarea cols=\"40\" rows=\"10\" class=\"wpcf7-form-control wpcf7-textarea\" aria-invalid=\"false\" name=\"your-message\"><\/textarea><\/span> <\/label>\n<\/p>\n<p><input class=\"wpcf7-form-control has-spinner wpcf7-submit\" type=\"submit\" value=\"Send\" \/>\n<\/p><div class=\"wpcf7-response-output\" aria-hidden=\"true\"><\/div>\n<\/form>\n<\/div>\n<\/div>\n                <\/div>\n              <\/div>\n            <\/div>\n          <\/div>\n        <\/div>\n      <\/div>\n    <\/div>\n  <\/div>\n<\/div>","protected":false},"excerpt":{"rendered":"<p>About us INFOGERANCE Nous vous proposons un contrat d&#8217;infog\u00e9rance adapt\u00e9 \u00e0 votre structure qui comprend une maintenance de votre syst\u00e8me informatique ainsi qu&#8217;une solution de sauvegarde adapt\u00e9 \u00e0 vos donn\u00e9es. About us MAINTENANCE PONCTUELLE Vous pouvez faire appel \u00e0 nous pour des intervention ponctuelle ou des missions de configuration, d&#8217;installation et de maintenance . Contactez [&hellip;]<\/p>\n","protected":false},"author":1,"featured_media":0,"parent":0,"menu_order":0,"comment_status":"closed","ping_status":"closed","template":"page-templates\/full-width-page.php","meta":[],"yoast_head":"<!-- This site is optimized with the Yoast SEO plugin v20.8 - https:\/\/yoast.com\/wordpress\/plugins\/seo\/ -->\n<title>Infog\u00e9rance \/ Maintenance - MRI-Run<\/title>\n<meta name=\"robots\" content=\"index, follow, max-snippet:-1, max-image-preview:large, max-video-preview:-1\" \/>\n<link rel=\"canonical\" href=\"https:\/\/mri-run.com\/index.php\/infogerance-maintenance\/\" \/>\n<meta property=\"og:locale\" content=\"fr_FR\" \/>\n<meta property=\"og:type\" content=\"article\" \/>\n<meta property=\"og:title\" content=\"Infog\u00e9rance \/ Maintenance - MRI-Run\" \/>\n<meta property=\"og:description\" content=\"About us INFOGERANCE Nous vous proposons un contrat d&#8217;infog\u00e9rance adapt\u00e9 \u00e0 votre structure qui comprend une maintenance de votre syst\u00e8me informatique ainsi qu&#8217;une solution de sauvegarde adapt\u00e9 \u00e0 vos donn\u00e9es. About us MAINTENANCE PONCTUELLE Vous pouvez faire appel \u00e0 nous pour des intervention ponctuelle ou des missions de configuration, d&#8217;installation et de maintenance . Contactez [&hellip;]\" \/>\n<meta property=\"og:url\" content=\"https:\/\/mri-run.com\/index.php\/infogerance-maintenance\/\" \/>\n<meta property=\"og:site_name\" content=\"MRI-Run\" \/>\n<meta property=\"article:modified_time\" content=\"2020-04-15T06:33:49+00:00\" \/>\n<meta name=\"twitter:card\" content=\"summary_large_image\" \/>\n<script type=\"application\/ld+json\" class=\"yoast-schema-graph\">{\"@context\":\"https:\/\/schema.org\",\"@graph\":[{\"@type\":\"WebPage\",\"@id\":\"https:\/\/mri-run.com\/index.php\/infogerance-maintenance\/\",\"url\":\"https:\/\/mri-run.com\/index.php\/infogerance-maintenance\/\",\"name\":\"Infog\u00e9rance \/ Maintenance - MRI-Run\",\"isPartOf\":{\"@id\":\"https:\/\/mri-run.com\/#website\"},\"datePublished\":\"2020-04-10T08:03:00+00:00\",\"dateModified\":\"2020-04-15T06:33:49+00:00\",\"breadcrumb\":{\"@id\":\"https:\/\/mri-run.com\/index.php\/infogerance-maintenance\/#breadcrumb\"},\"inLanguage\":\"fr-FR\",\"potentialAction\":[{\"@type\":\"ReadAction\",\"target\":[\"https:\/\/mri-run.com\/index.php\/infogerance-maintenance\/\"]}]},{\"@type\":\"BreadcrumbList\",\"@id\":\"https:\/\/mri-run.com\/index.php\/infogerance-maintenance\/#breadcrumb\",\"itemListElement\":[{\"@type\":\"ListItem\",\"position\":1,\"name\":\"Accueil\",\"item\":\"https:\/\/mri-run.com\/\"},{\"@type\":\"ListItem\",\"position\":2,\"name\":\"Infog\u00e9rance \/ Maintenance\"}]},{\"@type\":\"WebSite\",\"@id\":\"https:\/\/mri-run.com\/#website\",\"url\":\"https:\/\/mri-run.com\/\",\"name\":\"MRI-Run\",\"description\":\"Prestataire informatique\",\"publisher\":{\"@id\":\"https:\/\/mri-run.com\/#organization\"},\"potentialAction\":[{\"@type\":\"SearchAction\",\"target\":{\"@type\":\"EntryPoint\",\"urlTemplate\":\"https:\/\/mri-run.com\/?s={search_term_string}\"},\"query-input\":\"required name=search_term_string\"}],\"inLanguage\":\"fr-FR\"},{\"@type\":\"Organization\",\"@id\":\"https:\/\/mri-run.com\/#organization\",\"name\":\"MRI-Run\",\"url\":\"https:\/\/mri-run.com\/\",\"logo\":{\"@type\":\"ImageObject\",\"inLanguage\":\"fr-FR\",\"@id\":\"https:\/\/mri-run.com\/#\/schema\/logo\/image\/\",\"url\":\"https:\/\/mri-run.com\/wp-content\/uploads\/2020\/04\/logog2.png\",\"contentUrl\":\"https:\/\/mri-run.com\/wp-content\/uploads\/2020\/04\/logog2.png\",\"width\":681,\"height\":650,\"caption\":\"MRI-Run\"},\"image\":{\"@id\":\"https:\/\/mri-run.com\/#\/schema\/logo\/image\/\"}}]}<\/script>\n<!-- \/ Yoast SEO plugin. -->","yoast_head_json":{"title":"Infog\u00e9rance \/ Maintenance - MRI-Run","robots":{"index":"index","follow":"follow","max-snippet":"max-snippet:-1","max-image-preview":"max-image-preview:large","max-video-preview":"max-video-preview:-1"},"canonical":"https:\/\/mri-run.com\/index.php\/infogerance-maintenance\/","og_locale":"fr_FR","og_type":"article","og_title":"Infog\u00e9rance \/ Maintenance - MRI-Run","og_description":"About us INFOGERANCE Nous vous proposons un contrat d&#8217;infog\u00e9rance adapt\u00e9 \u00e0 votre structure qui comprend une maintenance de votre syst\u00e8me informatique ainsi qu&#8217;une solution de sauvegarde adapt\u00e9 \u00e0 vos donn\u00e9es. About us MAINTENANCE PONCTUELLE Vous pouvez faire appel \u00e0 nous pour des intervention ponctuelle ou des missions de configuration, d&#8217;installation et de maintenance . Contactez [&hellip;]","og_url":"https:\/\/mri-run.com\/index.php\/infogerance-maintenance\/","og_site_name":"MRI-Run","article_modified_time":"2020-04-15T06:33:49+00:00","twitter_card":"summary_large_image","schema":{"@context":"https:\/\/schema.org","@graph":[{"@type":"WebPage","@id":"https:\/\/mri-run.com\/index.php\/infogerance-maintenance\/","url":"https:\/\/mri-run.com\/index.php\/infogerance-maintenance\/","name":"Infog\u00e9rance \/ Maintenance - MRI-Run","isPartOf":{"@id":"https:\/\/mri-run.com\/#website"},"datePublished":"2020-04-10T08:03:00+00:00","dateModified":"2020-04-15T06:33:49+00:00","breadcrumb":{"@id":"https:\/\/mri-run.com\/index.php\/infogerance-maintenance\/#breadcrumb"},"inLanguage":"fr-FR","potentialAction":[{"@type":"ReadAction","target":["https:\/\/mri-run.com\/index.php\/infogerance-maintenance\/"]}]},{"@type":"BreadcrumbList","@id":"https:\/\/mri-run.com\/index.php\/infogerance-maintenance\/#breadcrumb","itemListElement":[{"@type":"ListItem","position":1,"name":"Accueil","item":"https:\/\/mri-run.com\/"},{"@type":"ListItem","position":2,"name":"Infog\u00e9rance \/ Maintenance"}]},{"@type":"WebSite","@id":"https:\/\/mri-run.com\/#website","url":"https:\/\/mri-run.com\/","name":"MRI-Run","description":"Prestataire informatique","publisher":{"@id":"https:\/\/mri-run.com\/#organization"},"potentialAction":[{"@type":"SearchAction","target":{"@type":"EntryPoint","urlTemplate":"https:\/\/mri-run.com\/?s={search_term_string}"},"query-input":"required name=search_term_string"}],"inLanguage":"fr-FR"},{"@type":"Organization","@id":"https:\/\/mri-run.com\/#organization","name":"MRI-Run","url":"https:\/\/mri-run.com\/","logo":{"@type":"ImageObject","inLanguage":"fr-FR","@id":"https:\/\/mri-run.com\/#\/schema\/logo\/image\/","url":"https:\/\/mri-run.com\/wp-content\/uploads\/2020\/04\/logog2.png","contentUrl":"https:\/\/mri-run.com\/wp-content\/uploads\/2020\/04\/logog2.png","width":681,"height":650,"caption":"MRI-Run"},"image":{"@id":"https:\/\/mri-run.com\/#\/schema\/logo\/image\/"}}]}},"_links":{"self":[{"href":"https:\/\/mri-run.com\/index.php\/wp-json\/wp\/v2\/pages\/80"}],"collection":[{"href":"https:\/\/mri-run.com\/index.php\/wp-json\/wp\/v2\/pages"}],"about":[{"href":"https:\/\/mri-run.com\/index.php\/wp-json\/wp\/v2\/types\/page"}],"author":[{"embeddable":true,"href":"https:\/\/mri-run.com\/index.php\/wp-json\/wp\/v2\/users\/1"}],"replies":[{"embeddable":true,"href":"https:\/\/mri-run.com\/index.php\/wp-json\/wp\/v2\/comments?post=80"}],"version-history":[{"count":8,"href":"https:\/\/mri-run.com\/index.php\/wp-json\/wp\/v2\/pages\/80\/revisions"}],"predecessor-version":[{"id":313,"href":"https:\/\/mri-run.com\/index.php\/wp-json\/wp\/v2\/pages\/80\/revisions\/313"}],"wp:attachment":[{"href":"https:\/\/mri-run.com\/index.php\/wp-json\/wp\/v2\/media?parent=80"}],"curies":[{"name":"wp","href":"https:\/\/api.w.org\/{rel}","templated":true}]}}