{"id":84,"date":"2020-04-10T10:03:45","date_gmt":"2020-04-10T08:03:45","guid":{"rendered":"http:\/\/mri-run.com\/?page_id=84"},"modified":"2020-04-15T13:44:29","modified_gmt":"2020-04-15T09:44:29","slug":"telephonie","status":"publish","type":"page","link":"https:\/\/mri-run.com\/index.php\/telephonie\/","title":{"rendered":"T\u00e9l\u00e9phonie"},"content":{"rendered":"<div data-colibri-id=\"84-c1\" class=\"style-545 style-local-84-c1 position-relative\">\n  <!---->\n  <div data-colibri-component=\"section\" data-colibri-id=\"84-c2\" id=\"about\" class=\"h-section h-section-global-spacing d-flex align-items-lg-center align-items-md-center align-items-center style-546 style-local-84-c2 position-relative\">\n    <!---->\n    <!---->\n    <div class=\"h-section-grid-container h-section-boxed-container\">\n      <!---->\n      <div data-colibri-id=\"84-c3\" class=\"h-row-container gutters-row-lg-0 gutters-row-md-0 gutters-row-0 gutters-row-v-lg-0 gutters-row-v-md-0 gutters-row-v-0 style-547 style-local-84-c3 position-relative\">\n        <!---->\n        <div class=\"h-row justify-content-lg-center justify-content-md-center justify-content-center align-items-lg-stretch align-items-md-stretch align-items-stretch gutters-col-lg-0 gutters-col-md-0 gutters-col-0 gutters-col-v-lg-0 gutters-col-v-md-0 gutters-col-v-0\">\n          <!---->\n          <div class=\"h-column h-column-container d-flex h-col-lg-auto h-col-md-auto h-col-auto style-548-outer style-local-84-c4-outer\">\n            <div data-colibri-id=\"84-c4\" class=\"d-flex h-flex-basis h-column__inner h-px-lg-0 h-px-md-0 h-px-0 v-inner-lg-0 v-inner-md-0 v-inner-0 style-548 style-local-84-c4 position-relative\">\n              <!---->\n              <!---->\n              <div class=\"w-100 h-y-container h-column__content h-column__v-align flex-basis-100 align-self-lg-start align-self-md-start align-self-start\">\n                <!---->\n                <div data-colibri-id=\"84-c5\" class=\"h-global-transition-all h-heading style-549 style-local-84-c5 position-relative h-element\">\n                  <!---->\n                  <!---->\n                  <h5 class=\"\"><\/h5>\n                <\/div>\n                <div data-colibri-id=\"84-c6\" class=\"h-global-transition-all h-heading style-550 style-local-84-c6 position-relative h-element\">\n                  <!---->\n                  <!---->\n                  <h2 class=\"\"><em style=\"font-family: &quot;Playfair Display&quot;;\">Standard t\u00e9l\u00e9phonique<\/em><\/h2>\n                <\/div>\n                <div data-colibri-id=\"84-c7\" class=\"h-text h-text-component style-551 style-local-84-c7 position-relative h-element\">\n                  <!---->\n                  <!---->\n                  <div class=\"\">\n                    <p>Nous mettons en place chez nos client des solution t\u00e9l\u00e9phonique adapt\u00e9 \u00e0 leurs besoins. Redirection d&#8217;appel, message d&#8217;accueil, gestion multi-lignes&#8230; de nombreuses possibilit\u00e9s de configuration.<\/p>\n                  <\/div>\n                <\/div>\n              <\/div>\n            <\/div>\n          <\/div>\n          <div class=\"h-column h-column-container d-flex h-col-lg-auto h-col-md-auto h-col-auto style-552-outer style-local-84-c8-outer\">\n            <div data-colibri-id=\"84-c8\" class=\"d-flex h-flex-basis h-column__inner h-ui-empty-state-container h-px-lg-2 h-px-md-2 h-px-2 v-inner-lg-2 v-inner-md-2 v-inner-2 style-552 style-local-84-c8 position-relative\">\n              <!---->\n              <!---->\n              <div class=\"w-100 h-y-container h-column__content h-column__v-align flex-basis-100\">\n                <!---->\n              <\/div>\n            <\/div>\n          <\/div>\n        <\/div>\n      <\/div>\n    <\/div>\n  <\/div>\n  <div data-colibri-component=\"section\" data-colibri-id=\"84-c9\" id=\"contact\" class=\"h-section h-section-global-spacing d-flex align-items-lg-center align-items-md-center align-items-center style-553 style-local-84-c9 position-relative\">\n    <!---->\n    <!---->\n    <div class=\"h-section-grid-container h-section-boxed-container\">\n      <!---->\n      <div data-colibri-id=\"84-c10\" class=\"h-row-container gutters-row-lg-2 gutters-row-md-2 gutters-row-2 gutters-row-v-lg-2 gutters-row-v-md-2 gutters-row-v-2 style-554 style-local-84-c10 position-relative\">\n        <!---->\n        <div class=\"h-row justify-content-lg-center justify-content-md-center justify-content-center align-items-lg-stretch align-items-md-stretch align-items-stretch gutters-col-lg-2 gutters-col-md-2 gutters-col-2 gutters-col-v-lg-2 gutters-col-v-md-2 gutters-col-v-2\">\n          <!---->\n          <div class=\"h-column h-column-container d-flex h-col-lg-auto h-col-md-auto h-col-auto style-555-outer style-local-84-c11-outer\">\n            <div data-colibri-id=\"84-c11\" class=\"d-flex h-flex-basis h-column__inner h-px-lg-0 h-px-md-0 h-px-0 v-inner-lg-0 v-inner-md-0 v-inner-0 style-555 style-local-84-c11 position-relative\">\n              <div class=\"background-wrapper\">\n                <div class=\"background-layer background-layer-media-container-lg\">\n                  <!---->\n                  <div class=\"overlay-layer\">\n                    <div class=\"overlay-image-layer\" style=\"background-color: rgb(255, 255, 255); opacity: 0.8;\"><\/div>\n                  <\/div>\n                <\/div>\n                <div class=\"background-layer background-layer-media-container-md\">\n                  <!---->\n                  <div class=\"overlay-layer\">\n                    <div class=\"overlay-image-layer\" style=\"background-color: rgb(255, 255, 255); opacity: 0.8;\"><\/div>\n                  <\/div>\n                <\/div>\n                <div class=\"background-layer background-layer-media-container\">\n                  <!---->\n                  <div class=\"overlay-layer\">\n                    <div class=\"overlay-image-layer\" style=\"background-color: rgb(255, 255, 255); opacity: 0.8;\"><\/div>\n                  <\/div>\n                <\/div>\n              <\/div>\n              <!---->\n              <div class=\"w-100 h-y-container h-column__content h-column__v-align flex-basis-100 align-self-lg-center align-self-md-center align-self-center\">\n                <!---->\n                <div data-colibri-id=\"84-c12\" class=\"h-global-transition-all h-heading style-556 style-local-84-c12 position-relative h-element\">\n                  <!---->\n                  <!---->\n                  <h3 class=\"\">Contact me<\/h3>\n                <\/div>\n                <div data-colibri-id=\"84-c13\" class=\"style-557 style-local-84-c13 position-relative h-element\">\n                  <!---->\n                  <div class=\"h-global-transition-all h-contact-form-shortcode h-global-transition h-global-transition-all\">\n<div class=\"wpcf7 no-js\" id=\"wpcf7-f232-o1\" lang=\"fr-FR\" dir=\"ltr\">\n<div class=\"screen-reader-response\"><p role=\"status\" aria-live=\"polite\" aria-atomic=\"true\"><\/p> <ul><\/ul><\/div>\n<form action=\"\/index.php\/wp-json\/wp\/v2\/pages\/84#wpcf7-f232-o1\" method=\"post\" class=\"wpcf7-form init\" aria-label=\"Formulaire de contact\" novalidate=\"novalidate\" data-status=\"init\">\n<div style=\"display: none;\">\n<input type=\"hidden\" name=\"_wpcf7\" value=\"232\" \/>\n<input type=\"hidden\" name=\"_wpcf7_version\" value=\"5.7.7\" \/>\n<input type=\"hidden\" name=\"_wpcf7_locale\" value=\"fr_FR\" \/>\n<input type=\"hidden\" name=\"_wpcf7_unit_tag\" value=\"wpcf7-f232-o1\" \/>\n<input type=\"hidden\" name=\"_wpcf7_container_post\" value=\"0\" \/>\n<input type=\"hidden\" name=\"_wpcf7_posted_data_hash\" value=\"\" \/>\n<input type=\"hidden\" name=\"_wpcf7_recaptcha_response\" value=\"\" \/>\n<\/div>\n<p><label> Votre Nom<br \/>\n<span class=\"wpcf7-form-control-wrap\" data-name=\"your-name\"><input size=\"40\" class=\"wpcf7-form-control wpcf7-text wpcf7-validates-as-required\" aria-required=\"true\" aria-invalid=\"false\" value=\"\" type=\"text\" name=\"your-name\" \/><\/span> <\/label>\n<\/p>\n<p><label> Votre Email (required)<br \/>\n<span class=\"wpcf7-form-control-wrap\" data-name=\"your-email\"><input size=\"40\" class=\"wpcf7-form-control wpcf7-text wpcf7-email wpcf7-validates-as-required wpcf7-validates-as-email\" aria-required=\"true\" aria-invalid=\"false\" value=\"\" type=\"email\" name=\"your-email\" \/><\/span> <\/label>\n<\/p>\n<p><label> Objet<br \/>\n<span class=\"wpcf7-form-control-wrap\" data-name=\"your-subject\"><input size=\"40\" class=\"wpcf7-form-control wpcf7-text\" aria-invalid=\"false\" value=\"\" type=\"text\" name=\"your-subject\" \/><\/span> <\/label>\n<\/p>\n<p><label> Votre Message<br \/>\n<span class=\"wpcf7-form-control-wrap\" data-name=\"your-message\"><textarea cols=\"40\" rows=\"10\" class=\"wpcf7-form-control wpcf7-textarea\" aria-invalid=\"false\" name=\"your-message\"><\/textarea><\/span> <\/label>\n<\/p>\n<p><input class=\"wpcf7-form-control has-spinner wpcf7-submit\" type=\"submit\" value=\"Send\" \/>\n<\/p><div class=\"wpcf7-response-output\" aria-hidden=\"true\"><\/div>\n<\/form>\n<\/div>\n<\/div>\n                <\/div>\n              <\/div>\n            <\/div>\n          <\/div>\n        <\/div>\n      <\/div>\n    <\/div>\n  <\/div>\n<\/div>","protected":false},"excerpt":{"rendered":"<p>Standard t\u00e9l\u00e9phonique Nous mettons en place chez nos client des solution t\u00e9l\u00e9phonique adapt\u00e9 \u00e0 leurs besoins. Redirection d&#8217;appel, message d&#8217;accueil, gestion multi-lignes&#8230; de nombreuses possibilit\u00e9s de configuration. Contact me<\/p>\n","protected":false},"author":1,"featured_media":0,"parent":0,"menu_order":0,"comment_status":"closed","ping_status":"closed","template":"page-templates\/full-width-page.php","meta":[],"yoast_head":"<!-- This site is optimized with the Yoast SEO plugin v20.8 - https:\/\/yoast.com\/wordpress\/plugins\/seo\/ -->\n<title>T\u00e9l\u00e9phonie - MRI-Run<\/title>\n<meta name=\"robots\" content=\"index, follow, max-snippet:-1, max-image-preview:large, max-video-preview:-1\" \/>\n<link rel=\"canonical\" href=\"https:\/\/mri-run.com\/index.php\/telephonie\/\" \/>\n<meta property=\"og:locale\" content=\"fr_FR\" \/>\n<meta property=\"og:type\" content=\"article\" \/>\n<meta property=\"og:title\" content=\"T\u00e9l\u00e9phonie - MRI-Run\" \/>\n<meta property=\"og:description\" content=\"Standard t\u00e9l\u00e9phonique Nous mettons en place chez nos client des solution t\u00e9l\u00e9phonique adapt\u00e9 \u00e0 leurs besoins. Redirection d&#8217;appel, message d&#8217;accueil, gestion multi-lignes&#8230; de nombreuses possibilit\u00e9s de configuration. Contact me\" \/>\n<meta property=\"og:url\" content=\"https:\/\/mri-run.com\/index.php\/telephonie\/\" \/>\n<meta property=\"og:site_name\" content=\"MRI-Run\" \/>\n<meta property=\"article:modified_time\" content=\"2020-04-15T09:44:29+00:00\" \/>\n<meta name=\"twitter:card\" content=\"summary_large_image\" \/>\n<script type=\"application\/ld+json\" class=\"yoast-schema-graph\">{\"@context\":\"https:\/\/schema.org\",\"@graph\":[{\"@type\":\"WebPage\",\"@id\":\"https:\/\/mri-run.com\/index.php\/telephonie\/\",\"url\":\"https:\/\/mri-run.com\/index.php\/telephonie\/\",\"name\":\"T\u00e9l\u00e9phonie - MRI-Run\",\"isPartOf\":{\"@id\":\"https:\/\/mri-run.com\/#website\"},\"datePublished\":\"2020-04-10T08:03:45+00:00\",\"dateModified\":\"2020-04-15T09:44:29+00:00\",\"breadcrumb\":{\"@id\":\"https:\/\/mri-run.com\/index.php\/telephonie\/#breadcrumb\"},\"inLanguage\":\"fr-FR\",\"potentialAction\":[{\"@type\":\"ReadAction\",\"target\":[\"https:\/\/mri-run.com\/index.php\/telephonie\/\"]}]},{\"@type\":\"BreadcrumbList\",\"@id\":\"https:\/\/mri-run.com\/index.php\/telephonie\/#breadcrumb\",\"itemListElement\":[{\"@type\":\"ListItem\",\"position\":1,\"name\":\"Accueil\",\"item\":\"https:\/\/mri-run.com\/\"},{\"@type\":\"ListItem\",\"position\":2,\"name\":\"T\u00e9l\u00e9phonie\"}]},{\"@type\":\"WebSite\",\"@id\":\"https:\/\/mri-run.com\/#website\",\"url\":\"https:\/\/mri-run.com\/\",\"name\":\"MRI-Run\",\"description\":\"Prestataire informatique\",\"publisher\":{\"@id\":\"https:\/\/mri-run.com\/#organization\"},\"potentialAction\":[{\"@type\":\"SearchAction\",\"target\":{\"@type\":\"EntryPoint\",\"urlTemplate\":\"https:\/\/mri-run.com\/?s={search_term_string}\"},\"query-input\":\"required name=search_term_string\"}],\"inLanguage\":\"fr-FR\"},{\"@type\":\"Organization\",\"@id\":\"https:\/\/mri-run.com\/#organization\",\"name\":\"MRI-Run\",\"url\":\"https:\/\/mri-run.com\/\",\"logo\":{\"@type\":\"ImageObject\",\"inLanguage\":\"fr-FR\",\"@id\":\"https:\/\/mri-run.com\/#\/schema\/logo\/image\/\",\"url\":\"https:\/\/mri-run.com\/wp-content\/uploads\/2020\/04\/logog2.png\",\"contentUrl\":\"https:\/\/mri-run.com\/wp-content\/uploads\/2020\/04\/logog2.png\",\"width\":681,\"height\":650,\"caption\":\"MRI-Run\"},\"image\":{\"@id\":\"https:\/\/mri-run.com\/#\/schema\/logo\/image\/\"}}]}<\/script>\n<!-- \/ Yoast SEO plugin. -->","yoast_head_json":{"title":"T\u00e9l\u00e9phonie - MRI-Run","robots":{"index":"index","follow":"follow","max-snippet":"max-snippet:-1","max-image-preview":"max-image-preview:large","max-video-preview":"max-video-preview:-1"},"canonical":"https:\/\/mri-run.com\/index.php\/telephonie\/","og_locale":"fr_FR","og_type":"article","og_title":"T\u00e9l\u00e9phonie - MRI-Run","og_description":"Standard t\u00e9l\u00e9phonique Nous mettons en place chez nos client des solution t\u00e9l\u00e9phonique adapt\u00e9 \u00e0 leurs besoins. Redirection d&#8217;appel, message d&#8217;accueil, gestion multi-lignes&#8230; de nombreuses possibilit\u00e9s de configuration. Contact me","og_url":"https:\/\/mri-run.com\/index.php\/telephonie\/","og_site_name":"MRI-Run","article_modified_time":"2020-04-15T09:44:29+00:00","twitter_card":"summary_large_image","schema":{"@context":"https:\/\/schema.org","@graph":[{"@type":"WebPage","@id":"https:\/\/mri-run.com\/index.php\/telephonie\/","url":"https:\/\/mri-run.com\/index.php\/telephonie\/","name":"T\u00e9l\u00e9phonie - MRI-Run","isPartOf":{"@id":"https:\/\/mri-run.com\/#website"},"datePublished":"2020-04-10T08:03:45+00:00","dateModified":"2020-04-15T09:44:29+00:00","breadcrumb":{"@id":"https:\/\/mri-run.com\/index.php\/telephonie\/#breadcrumb"},"inLanguage":"fr-FR","potentialAction":[{"@type":"ReadAction","target":["https:\/\/mri-run.com\/index.php\/telephonie\/"]}]},{"@type":"BreadcrumbList","@id":"https:\/\/mri-run.com\/index.php\/telephonie\/#breadcrumb","itemListElement":[{"@type":"ListItem","position":1,"name":"Accueil","item":"https:\/\/mri-run.com\/"},{"@type":"ListItem","position":2,"name":"T\u00e9l\u00e9phonie"}]},{"@type":"WebSite","@id":"https:\/\/mri-run.com\/#website","url":"https:\/\/mri-run.com\/","name":"MRI-Run","description":"Prestataire informatique","publisher":{"@id":"https:\/\/mri-run.com\/#organization"},"potentialAction":[{"@type":"SearchAction","target":{"@type":"EntryPoint","urlTemplate":"https:\/\/mri-run.com\/?s={search_term_string}"},"query-input":"required name=search_term_string"}],"inLanguage":"fr-FR"},{"@type":"Organization","@id":"https:\/\/mri-run.com\/#organization","name":"MRI-Run","url":"https:\/\/mri-run.com\/","logo":{"@type":"ImageObject","inLanguage":"fr-FR","@id":"https:\/\/mri-run.com\/#\/schema\/logo\/image\/","url":"https:\/\/mri-run.com\/wp-content\/uploads\/2020\/04\/logog2.png","contentUrl":"https:\/\/mri-run.com\/wp-content\/uploads\/2020\/04\/logog2.png","width":681,"height":650,"caption":"MRI-Run"},"image":{"@id":"https:\/\/mri-run.com\/#\/schema\/logo\/image\/"}}]}},"_links":{"self":[{"href":"https:\/\/mri-run.com\/index.php\/wp-json\/wp\/v2\/pages\/84"}],"collection":[{"href":"https:\/\/mri-run.com\/index.php\/wp-json\/wp\/v2\/pages"}],"about":[{"href":"https:\/\/mri-run.com\/index.php\/wp-json\/wp\/v2\/types\/page"}],"author":[{"embeddable":true,"href":"https:\/\/mri-run.com\/index.php\/wp-json\/wp\/v2\/users\/1"}],"replies":[{"embeddable":true,"href":"https:\/\/mri-run.com\/index.php\/wp-json\/wp\/v2\/comments?post=84"}],"version-history":[{"count":3,"href":"https:\/\/mri-run.com\/index.php\/wp-json\/wp\/v2\/pages\/84\/revisions"}],"predecessor-version":[{"id":400,"href":"https:\/\/mri-run.com\/index.php\/wp-json\/wp\/v2\/pages\/84\/revisions\/400"}],"wp:attachment":[{"href":"https:\/\/mri-run.com\/index.php\/wp-json\/wp\/v2\/media?parent=84"}],"curies":[{"name":"wp","href":"https:\/\/api.w.org\/{rel}","templated":true}]}}